{"id":655,"date":"2025-06-26T15:02:17","date_gmt":"2025-06-26T13:02:17","guid":{"rendered":"https:\/\/vr-international-volksbank.de\/home\/?page_id=655"},"modified":"2025-07-08T13:34:10","modified_gmt":"2025-07-08T11:34:10","slug":"kontakt","status":"publish","type":"page","link":"https:\/\/vr-international-volksbank.de\/homepage\/kontakt\/","title":{"rendered":"Kontakt"},"content":{"rendered":"\t\t<div data-elementor-type=\"wp-page\" data-elementor-id=\"655\" class=\"elementor elementor-655\" data-elementor-post-type=\"page\">\n\t\t\t\t\t\t<section class=\"elementor-section elementor-top-section elementor-element elementor-element-d4a517c elementor-section-boxed elementor-section-height-default elementor-section-height-default\" data-id=\"d4a517c\" data-element_type=\"section\">\n\t\t\t\t\t\t<div class=\"elementor-container elementor-column-gap-default\">\n\t\t\t\t\t<div class=\"elementor-column elementor-col-100 elementor-top-column elementor-element elementor-element-90e106b\" data-id=\"90e106b\" data-element_type=\"column\">\n\t\t\t<div class=\"elementor-widget-wrap elementor-element-populated\">\n\t\t\t\t\t\t<div class=\"elementor-element elementor-element-b631530 elementor-widget elementor-widget-image\" data-id=\"b631530\" data-element_type=\"widget\" data-widget_type=\"image.default\">\n\t\t\t\t<div class=\"elementor-widget-container\">\n\t\t\t\t\t\t\t\t\t\t\t\t\t\t\t<img fetchpriority=\"high\" decoding=\"async\" width=\"2048\" height=\"646\" src=\"https:\/\/vr-international-volksbank.de\/wp-content\/uploads\/2024\/11\/iStock-117150674cut-2048x646.jpg\" class=\"attachment-2048x2048 size-2048x2048 wp-image-265\" alt=\"\" srcset=\"https:\/\/vr-international-volksbank.de\/wp-content\/uploads\/2024\/11\/iStock-117150674cut-2048x646.jpg 2048w, https:\/\/vr-international-volksbank.de\/wp-content\/uploads\/2024\/11\/iStock-117150674cut-300x95.jpg 300w, https:\/\/vr-international-volksbank.de\/wp-content\/uploads\/2024\/11\/iStock-117150674cut-1024x323.jpg 1024w, https:\/\/vr-international-volksbank.de\/wp-content\/uploads\/2024\/11\/iStock-117150674cut-768x242.jpg 768w, https:\/\/vr-international-volksbank.de\/wp-content\/uploads\/2024\/11\/iStock-117150674cut-1536x484.jpg 1536w\" sizes=\"(max-width: 2048px) 100vw, 2048px\" \/>\t\t\t\t\t\t\t\t\t\t\t\t\t\t\t<\/div>\n\t\t\t\t<\/div>\n\t\t\t\t<div class=\"elementor-element elementor-element-cd10cb0 elementor-widget elementor-widget-heading\" data-id=\"cd10cb0\" data-element_type=\"widget\" data-widget_type=\"heading.default\">\n\t\t\t\t<div class=\"elementor-widget-container\">\n\t\t\t\t\t<h2 class=\"elementor-heading-title elementor-size-default\">Kontaktformular\nAu\u00dfenhandel<\/h2>\t\t\t\t<\/div>\n\t\t\t\t<\/div>\n\t\t\t\t<div class=\"elementor-element elementor-element-52c508d elementor-widget elementor-widget-heading\" data-id=\"52c508d\" data-element_type=\"widget\" data-widget_type=\"heading.default\">\n\t\t\t\t<div class=\"elementor-widget-container\">\n\t\t\t\t\t<h2 class=\"elementor-heading-title elementor-size-default\">Sie haben Fragen rund um das Thema Au\u00dfenhandel? Wir beraten Sie gerne.<\/h2>\t\t\t\t<\/div>\n\t\t\t\t<\/div>\n\t\t\t\t\t<\/div>\n\t\t<\/div>\n\t\t\t\t\t<\/div>\n\t\t<\/section>\n\t\t\t\t<section class=\"elementor-section elementor-top-section elementor-element elementor-element-069a33b elementor-section-boxed elementor-section-height-default elementor-section-height-default\" data-id=\"069a33b\" data-element_type=\"section\">\n\t\t\t\t\t\t<div class=\"elementor-container elementor-column-gap-default\">\n\t\t\t\t\t<div class=\"elementor-column elementor-col-100 elementor-top-column elementor-element elementor-element-9d2b1b6\" data-id=\"9d2b1b6\" data-element_type=\"column\">\n\t\t\t<div class=\"elementor-widget-wrap elementor-element-populated\">\n\t\t\t\t\t\t<div class=\"elementor-element elementor-element-43777d1 elementor-button-align-center elementor-widget__width-initial elementor-widget elementor-widget-form\" data-id=\"43777d1\" data-element_type=\"widget\" data-settings=\"{&quot;button_width&quot;:&quot;80&quot;,&quot;step_next_label&quot;:&quot;N\\u00e4chster&quot;,&quot;step_previous_label&quot;:&quot;Voriger&quot;,&quot;step_type&quot;:&quot;number_text&quot;,&quot;step_icon_shape&quot;:&quot;circle&quot;}\" data-widget_type=\"form.default\">\n\t\t\t\t<div class=\"elementor-widget-container\">\n\t\t\t\t\t\t\t<form class=\"elementor-form\" method=\"post\" name=\"Neues Formular\" novalidate=\"\">\n\t\t\t<input type=\"hidden\" name=\"post_id\" value=\"655\"\/>\n\t\t\t<input type=\"hidden\" name=\"form_id\" value=\"43777d1\"\/>\n\t\t\t<input type=\"hidden\" name=\"referer_title\" value=\"\" \/>\n\n\t\t\t\n\t\t\t<div class=\"elementor-form-fields-wrapper elementor-labels-above\">\n\t\t\t\t\t\t\t\t<div class=\"elementor-field-type-html elementor-field-group elementor-column elementor-field-group-field_868137a elementor-col-100\">\n\t\t\t\t\t<strong>Ihre Frage oder Mitteilung<\/strong>\t\t\t\t<\/div>\n\t\t\t\t\t\t\t\t<div class=\"elementor-field-type-textarea elementor-field-group elementor-column elementor-field-group-message elementor-col-60 elementor-field-required elementor-mark-required\">\n\t\t\t\t\t\t\t\t\t\t\t\t<label for=\"form-field-message\" class=\"elementor-field-label\">\n\t\t\t\t\t\t\t\tThema*\t\t\t\t\t\t\t<\/label>\n\t\t\t\t\t\t<textarea class=\"elementor-field-textual elementor-field  elementor-size-xs\" name=\"form_fields[message]\" id=\"form-field-message\" rows=\"1\" required=\"required\" aria-required=\"true\"><\/textarea>\t\t\t\t<\/div>\n\t\t\t\t\t\t\t\t<div class=\"elementor-field-type-textarea elementor-field-group elementor-column elementor-field-group-field_45d4ddd elementor-col-60 elementor-field-required elementor-mark-required\">\n\t\t\t\t\t\t\t\t\t\t\t\t<label for=\"form-field-field_45d4ddd\" class=\"elementor-field-label\">\n\t\t\t\t\t\t\t\tNachricht\t\t\t\t\t\t\t<\/label>\n\t\t\t\t\t\t<textarea class=\"elementor-field-textual elementor-field  elementor-size-xs\" name=\"form_fields[field_45d4ddd]\" id=\"form-field-field_45d4ddd\" rows=\"4\" required=\"required\" aria-required=\"true\"><\/textarea>\t\t\t\t<\/div>\n\t\t\t\t\t\t\t\t<div class=\"elementor-field-type-html elementor-field-group elementor-column elementor-field-group-field_a46d96c elementor-col-100\">\n\t\t\t\t\t<strong>Ihre Kontaktdaten<\/strong>\t\t\t\t<\/div>\n\t\t\t\t\t\t\t\t<div class=\"elementor-field-type-text elementor-field-group elementor-column elementor-field-group-field_73cb33e elementor-col-50\">\n\t\t\t\t\t\t\t\t\t\t\t\t<label for=\"form-field-field_73cb33e\" class=\"elementor-field-label\">\n\t\t\t\t\t\t\t\tVor- und Nachname\t\t\t\t\t\t\t<\/label>\n\t\t\t\t\t\t\t\t\t\t\t\t\t\t<input size=\"1\" type=\"text\" name=\"form_fields[field_73cb33e]\" id=\"form-field-field_73cb33e\" class=\"elementor-field elementor-size-xs  elementor-field-textual\">\n\t\t\t\t\t\t\t\t\t\t\t<\/div>\n\t\t\t\t\t\t\t\t<div class=\"elementor-field-type-text elementor-field-group elementor-column elementor-field-group-field_e345ad5 elementor-col-60\">\n\t\t\t\t\t\t\t\t\t\t\t\t<label for=\"form-field-field_e345ad5\" class=\"elementor-field-label\">\n\t\t\t\t\t\t\t\tFirma\t\t\t\t\t\t\t<\/label>\n\t\t\t\t\t\t\t\t\t\t\t\t\t\t<input size=\"1\" type=\"text\" name=\"form_fields[field_e345ad5]\" id=\"form-field-field_e345ad5\" class=\"elementor-field elementor-size-xs  elementor-field-textual\">\n\t\t\t\t\t\t\t\t\t\t\t<\/div>\n\t\t\t\t\t\t\t\t<div class=\"elementor-field-type-email elementor-field-group elementor-column elementor-field-group-email elementor-col-60 elementor-field-required elementor-mark-required\">\n\t\t\t\t\t\t\t\t\t\t\t\t<label for=\"form-field-email\" class=\"elementor-field-label\">\n\t\t\t\t\t\t\t\tE-Mail\t\t\t\t\t\t\t<\/label>\n\t\t\t\t\t\t\t\t\t\t\t\t\t\t<input size=\"1\" type=\"email\" name=\"form_fields[email]\" id=\"form-field-email\" class=\"elementor-field elementor-size-xs  elementor-field-textual\" required=\"required\" aria-required=\"true\">\n\t\t\t\t\t\t\t\t\t\t\t<\/div>\n\t\t\t\t\t\t\t\t<div class=\"elementor-field-type-text elementor-field-group elementor-column elementor-field-group-field_36929d4 elementor-col-60\">\n\t\t\t\t\t\t\t\t\t\t\t\t<label for=\"form-field-field_36929d4\" class=\"elementor-field-label\">\n\t\t\t\t\t\t\t\tTelefon\t\t\t\t\t\t\t<\/label>\n\t\t\t\t\t\t\t\t\t\t\t\t\t\t<input size=\"1\" type=\"text\" name=\"form_fields[field_36929d4]\" id=\"form-field-field_36929d4\" class=\"elementor-field elementor-size-xs  elementor-field-textual\">\n\t\t\t\t\t\t\t\t\t\t\t<\/div>\n\t\t\t\t\t\t\t\t<div class=\"elementor-field-type-html elementor-field-group elementor-column elementor-field-group-field_04bb26a elementor-col-100\">\n\t\t\t\t\tDieses Formular generiert eine E-Mail an VR International Hessen. Da wir auf diesem Wege keine Auftr\u00e4ge rund um Ihre Kontof\u00fchrung sowie sonstige rechtsgesch\u00e4ftliche Erkl\u00e4rungen entgegennehmen, bitten wir Sie, f\u00fcr diese Zwecke die Funktionen im Online-Banking zu nutzen oder direkt in eine unserer Filialen zu kommen.\n\nHinweise zu unseren allgemeinen Datenschutzbestimmungen, erhalten Sie unter diesem Link:  <a href=\"https:\/\/www.vb-mittelhessen.de\/datenschutz.html\" target=\"_blank\"><strong>Datenschutzhinweis<\/strong><\/a>\t\t\t\t<\/div>\n\t\t\t\t\t\t\t\t<div class=\"elementor-field-type-checkbox elementor-field-group elementor-column elementor-field-group-field_fdafc4b elementor-col-100\">\n\t\t\t\t\t<div class=\"elementor-field-subgroup  \"><span class=\"elementor-field-option\"><input type=\"checkbox\" value=\"Ich habe den Datenschutzhinweis gelesen. Ich stimme zu, dass meine Angaben f\u00fcr mein Anliegen verarbeitet werden.\" id=\"form-field-field_fdafc4b-0\" name=\"form_fields[field_fdafc4b]\"> <label for=\"form-field-field_fdafc4b-0\">Ich habe den Datenschutzhinweis gelesen. Ich stimme zu, dass meine Angaben f\u00fcr mein Anliegen verarbeitet werden.<\/label><\/span><\/div>\t\t\t\t<\/div>\n\t\t\t\t\t\t\t\t<div class=\"elementor-field-type-html elementor-field-group elementor-column elementor-field-group-field_aa7ec87 elementor-col-100\">\n\t\t\t\t\tDie mit * gekennzeichneten Felder sind Pflichtfelder.\t\t\t\t<\/div>\n\t\t\t\t\t\t\t\t<div class=\"elementor-field-group elementor-column elementor-field-type-submit elementor-col-80 e-form__buttons\">\n\t\t\t\t\t<button class=\"elementor-button elementor-size-sm\" type=\"submit\">\n\t\t\t\t\t\t<span class=\"elementor-button-content-wrapper\">\n\t\t\t\t\t\t\t\t\t\t\t\t\t\t\t\t\t\t\t\t\t\t<span class=\"elementor-button-text\">Senden<\/span>\n\t\t\t\t\t\t\t\t\t\t\t\t\t<\/span>\n\t\t\t\t\t<\/button>\n\t\t\t\t<\/div>\n\t\t\t<\/div>\n\t\t<input\n                    class=\"apbct_special_field apbct_email_id__elementor_form\"\n                    name=\"apbct__email_id__elementor_form\"\n                    aria-label=\"apbct__label_id__elementor_form\"\n                    type=\"text\" size=\"30\" maxlength=\"200\" autocomplete=\"off\"\n                    value=\"\"\n                \/><\/form>\n\t\t\t\t\t\t<\/div>\n\t\t\t\t<\/div>\n\t\t\t\t\t<\/div>\n\t\t<\/div>\n\t\t\t\t\t<\/div>\n\t\t<\/section>\n\t\t\t\t<\/div>\n\t\t","protected":false},"excerpt":{"rendered":"<p>Kontaktformular Au\u00dfenhandel Sie haben Fragen rund um das Thema Au\u00dfenhandel? Wir beraten Sie gerne.<\/p>\n","protected":false},"author":2,"featured_media":0,"parent":0,"menu_order":0,"comment_status":"closed","ping_status":"closed","template":"","meta":{"footnotes":""},"class_list":["post-655","page","type-page","status-publish","hentry"],"_links":{"self":[{"href":"https:\/\/vr-international-volksbank.de\/homepage\/wp-json\/wp\/v2\/pages\/655","targetHints":{"allow":["GET"]}}],"collection":[{"href":"https:\/\/vr-international-volksbank.de\/homepage\/wp-json\/wp\/v2\/pages"}],"about":[{"href":"https:\/\/vr-international-volksbank.de\/homepage\/wp-json\/wp\/v2\/types\/page"}],"author":[{"embeddable":true,"href":"https:\/\/vr-international-volksbank.de\/homepage\/wp-json\/wp\/v2\/users\/2"}],"replies":[{"embeddable":true,"href":"https:\/\/vr-international-volksbank.de\/homepage\/wp-json\/wp\/v2\/comments?post=655"}],"version-history":[{"count":49,"href":"https:\/\/vr-international-volksbank.de\/homepage\/wp-json\/wp\/v2\/pages\/655\/revisions"}],"predecessor-version":[{"id":809,"href":"https:\/\/vr-international-volksbank.de\/homepage\/wp-json\/wp\/v2\/pages\/655\/revisions\/809"}],"wp:attachment":[{"href":"https:\/\/vr-international-volksbank.de\/homepage\/wp-json\/wp\/v2\/media?parent=655"}],"curies":[{"name":"wp","href":"https:\/\/api.w.org\/{rel}","templated":true}]}}